{"id":121,"date":"2026-01-07T12:11:41","date_gmt":"2026-01-07T11:11:41","guid":{"rendered":"https:\/\/work.sunshore.ph\/?page_id=121"},"modified":"2026-01-14T19:46:50","modified_gmt":"2026-01-14T18:46:50","slug":"about-us","status":"publish","type":"page","link":"https:\/\/work.sunshore.ph\/tl\/about-us\/","title":{"rendered":"Tungkol sa amin"},"content":{"rendered":"Willkommen bei <strong>Sunshore Market<\/strong> &#8211; einem Familienunternehmen, das Tradition, Expertise und internationale Perspektiven miteinander verbindet.\nWir sind stolz darauf, Wurzeln in zwei einzigartigen Kulturen zu haben: \u00d6sterreich und die Philippinen. Diese besondere Verbindung erlaubt es uns, das Beste aus beiden Welten zu vereinen &#8211; europ\u00e4ische Qualit\u00e4t und philippinische Flexibilit\u00e4t, lokale Marktkenntnis und globale Perspektive.\nUnser Ziel ist es, Synergien zwischen unseren Standorten zu schaffen. Wir nutzen unsere Erfahrungen vor Ort, um ma\u00dfgeschneiderte L\u00f6sungen zu entwickeln, die sowohl unseren Kunden in \u00d6sterreich als auch auf den Philippinen echten Mehrwert bieten. Dabei setzen wir auf Qualit\u00e4t, Vertrauen und langfristige Partnerschaften.\nAls Familienunternehmen legen wir besonderen Wert auf pers\u00f6nliche Beziehungen &#8211; zu unseren Kunden, Partnern und Mitarbeitern. F\u00fcr uns steht der Mensch im Mittelpunkt, w\u00e4hrend wir gleichzeitig innovative L\u00f6sungen f\u00fcr die Herausforderungen von heute und morgen entwickeln.\nUnsere Wurzeln liegen in jahrzehntelanger Erfahrung in Technik, IT und Solarsystemen &#8211; erg\u00e4nzt durch langj\u00e4hrige Praxis im Aufbau und Betrieb f\u00fcr lokale Delikatessen.\n<strong data-start=\"1372\" data-end=\"1395\">Unsere Philosophie:<\/strong> Br\u00fccken bauen &#8211; zwischen Kontinenten, Kulturen und Menschen.","protected":false},"excerpt":{"rendered":"<p>Willkommen bei Sunshore Market &#8211; einem Familienunternehmen, das Tradition, Expertise und internationale Perspektiven miteinander verbindet. Wir sind stolz darauf, Wurzeln in zwei einzigartigen Kulturen zu haben: \u00d6sterreich und die Philippinen. Diese besondere Verbindung erlaubt es uns, das Beste aus beiden Welten zu vereinen &#8211; europ\u00e4ische Qualit\u00e4t und philippinische Flexibilit\u00e4t, lokale Marktkenntnis und globale Perspektive. Unser &#8230; <a title=\"Tungkol sa amin\" class=\"read-more\" href=\"https:\/\/work.sunshore.ph\/tl\/about-us\/\" aria-label=\"Read more about About us\">Read more<\/a><\/p>","protected":false},"author":1,"featured_media":0,"parent":0,"menu_order":0,"comment_status":"closed","ping_status":"closed","template":"","meta":{"footnotes":""},"class_list":["post-121","page","type-page","status-publish"],"_links":{"self":[{"href":"https:\/\/work.sunshore.ph\/tl\/wp-json\/wp\/v2\/pages\/121","targetHints":{"allow":["GET"]}}],"collection":[{"href":"https:\/\/work.sunshore.ph\/tl\/wp-json\/wp\/v2\/pages"}],"about":[{"href":"https:\/\/work.sunshore.ph\/tl\/wp-json\/wp\/v2\/types\/page"}],"author":[{"embeddable":true,"href":"https:\/\/work.sunshore.ph\/tl\/wp-json\/wp\/v2\/users\/1"}],"replies":[{"embeddable":true,"href":"https:\/\/work.sunshore.ph\/tl\/wp-json\/wp\/v2\/comments?post=121"}],"version-history":[{"count":4,"href":"https:\/\/work.sunshore.ph\/tl\/wp-json\/wp\/v2\/pages\/121\/revisions"}],"predecessor-version":[{"id":230,"href":"https:\/\/work.sunshore.ph\/tl\/wp-json\/wp\/v2\/pages\/121\/revisions\/230"}],"wp:attachment":[{"href":"https:\/\/work.sunshore.ph\/tl\/wp-json\/wp\/v2\/media?parent=121"}],"curies":[{"name":"wp","href":"https:\/\/api.w.org\/{rel}","templated":true}]}}