{"id":218,"date":"2026-01-11T00:26:06","date_gmt":"2026-01-10T23:26:06","guid":{"rendered":"https:\/\/work.sunshore.ph\/?page_id=218"},"modified":"2026-01-11T00:27:05","modified_gmt":"2026-01-10T23:27:05","slug":"widerrufserklarung-cancelation-policy","status":"publish","type":"page","link":"https:\/\/work.sunshore.ph\/tl\/refund_returns\/widerrufserklarung-cancelation-policy\/","title":{"rendered":"Widerrufsformular \/ Withdrawal Form"},"content":{"rendered":"<h1>Widerrufsformular \/ Withdrawal Form<\/h1>\n<strong>Wenn Sie den Vertrag widerrufen m\u00f6chten, f\u00fcllen Sie bitte dieses Formular aus und senden Sie es zur\u00fcck.<\/strong><br \/>\n<strong>If you wish to withdraw from the contract, please fill out this form and send it back.<\/strong>\n<hr \/>\n<h2>1. Angaben zum Verbraucher \/ Consumer Information<\/h2>\n<p>Name \/ Name: _______________________________<\/p>\n<p>Anschrift \/ Address: _______________________________<\/p>\n<p>E-Mail-Adresse \/ E-mail: _______________________________<\/p>\n<p>Telefon \/ Phone (optional): _______________________________<\/p>\n<hr \/>\n<h2>2. Angaben zum Vertrag \/ Contract Information<\/h2>\n<p>Bestellt am \/ Ordered on: _______________________________<\/p>\n<p>Erhalten am \/ Received on: _______________________________<\/p>\n<p>Bestellte Ware \/ Ordered product(s): _______________________________<\/p>\n<hr \/>\n<h2>3. Erkl\u00e4rung des Widerrufs \/ Statement of Withdrawal<\/h2>\nHiermit widerrufe(n) ich\/wir (<em>) den von mir\/uns (<\/em>) abgeschlossenen Vertrag \u00fcber den Kauf der folgenden Waren \/ Dienstleistungen:<br \/>\nI\/we (<em>) hereby give notice that I\/we (<\/em>) withdraw from my\/our (*) contract of sale of the following goods \/ services:\n<hr \/>\nGrund \/ Reason (optional): _____________________________________________<br \/>\nReason (optional): _____________________________________________\n<hr \/>\n<h2>4. Datum und Unterschrift \/ Date and Signature<\/h2>\n<p>Datum \/ Date: _______________________________<\/p>\n<p>Unterschrift \/ Signature: _______________________________<\/p>\n<hr \/>\n<p>(*) Unzutreffendes streichen \/ Delete as appropriate<\/p>\n<strong>Senden Sie das Formular an \/ Send the form to:<\/strong><br \/>\n<strong>Dibago OG<\/strong><br \/>\n<strong>Hirmer Stra\u00dfe 34, 7031 Krensdorf, \u00d6sterreich<\/strong><br \/>\nE-Mail: <strong>office@dibago.com<\/strong>","protected":false},"excerpt":{"rendered":"<p>Widerrufsformular \/ Withdrawal Form Wenn Sie den Vertrag widerrufen m\u00f6chten, f\u00fcllen Sie bitte dieses Formular aus und senden Sie es zur\u00fcck. If you wish to withdraw from the contract, please fill out this form and send it back. 1. Angaben zum Verbraucher \/ Consumer Information Name \/ Name: _______________________________ Anschrift \/ Address: _______________________________ E-Mail-Adresse \/ &#8230; <a title=\"Widerrufsformular \/ Withdrawal Form\" class=\"read-more\" href=\"https:\/\/work.sunshore.ph\/tl\/refund_returns\/widerrufserklarung-cancelation-policy\/\" aria-label=\"Read more about Widerrufsformular \/ Withdrawal Form\">Read more<\/a><\/p>","protected":false},"author":1,"featured_media":0,"parent":10,"menu_order":0,"comment_status":"closed","ping_status":"closed","template":"","meta":{"footnotes":""},"class_list":["post-218","page","type-page","status-publish"],"_links":{"self":[{"href":"https:\/\/work.sunshore.ph\/tl\/wp-json\/wp\/v2\/pages\/218","targetHints":{"allow":["GET"]}}],"collection":[{"href":"https:\/\/work.sunshore.ph\/tl\/wp-json\/wp\/v2\/pages"}],"about":[{"href":"https:\/\/work.sunshore.ph\/tl\/wp-json\/wp\/v2\/types\/page"}],"author":[{"embeddable":true,"href":"https:\/\/work.sunshore.ph\/tl\/wp-json\/wp\/v2\/users\/1"}],"replies":[{"embeddable":true,"href":"https:\/\/work.sunshore.ph\/tl\/wp-json\/wp\/v2\/comments?post=218"}],"version-history":[{"count":3,"href":"https:\/\/work.sunshore.ph\/tl\/wp-json\/wp\/v2\/pages\/218\/revisions"}],"predecessor-version":[{"id":222,"href":"https:\/\/work.sunshore.ph\/tl\/wp-json\/wp\/v2\/pages\/218\/revisions\/222"}],"up":[{"embeddable":true,"href":"https:\/\/work.sunshore.ph\/tl\/wp-json\/wp\/v2\/pages\/10"}],"wp:attachment":[{"href":"https:\/\/work.sunshore.ph\/tl\/wp-json\/wp\/v2\/media?parent=218"}],"curies":[{"name":"wp","href":"https:\/\/api.w.org\/{rel}","templated":true}]}}