{"id":72,"date":"2026-01-06T14:48:09","date_gmt":"2026-01-06T13:48:09","guid":{"rendered":"https:\/\/work.sunshore.ph\/?page_id=72"},"modified":"2026-01-07T11:19:25","modified_gmt":"2026-01-07T10:19:25","slug":"products","status":"publish","type":"page","link":"https:\/\/work.sunshore.ph\/tl\/products\/","title":{"rendered":"Mga produkto"},"content":{"rendered":"<h3 data-start=\"695\" data-end=\"722\">2.1 Kategorien\u00fcbersicht<\/h3>\n<ul data-start=\"723\" data-end=\"834\">\n<li data-start=\"723\" data-end=\"740\">\nHauptkategorien\n<\/li>\n<li data-start=\"741\" data-end=\"795\">\nFilter (Preis, Farbe, Gr\u00f6\u00dfe, Bewertung, Land\/Region)\n<\/li>\n<li data-start=\"796\" data-end=\"834\">\nSortierung (Beliebtheit, Neu, Preis)\n<\/li>\n<\/ul>","protected":false},"excerpt":{"rendered":"<p>2.1 Kategorien\u00fcbersicht Hauptkategorien Filter (Preis, Farbe, Gr\u00f6\u00dfe, Bewertung, Land\/Region) Sortierung (Beliebtheit, Neu, Preis)<\/p>","protected":false},"author":1,"featured_media":0,"parent":0,"menu_order":0,"comment_status":"closed","ping_status":"closed","template":"","meta":{"footnotes":""},"class_list":["post-72","page","type-page","status-publish"],"_links":{"self":[{"href":"https:\/\/work.sunshore.ph\/tl\/wp-json\/wp\/v2\/pages\/72","targetHints":{"allow":["GET"]}}],"collection":[{"href":"https:\/\/work.sunshore.ph\/tl\/wp-json\/wp\/v2\/pages"}],"about":[{"href":"https:\/\/work.sunshore.ph\/tl\/wp-json\/wp\/v2\/types\/page"}],"author":[{"embeddable":true,"href":"https:\/\/work.sunshore.ph\/tl\/wp-json\/wp\/v2\/users\/1"}],"replies":[{"embeddable":true,"href":"https:\/\/work.sunshore.ph\/tl\/wp-json\/wp\/v2\/comments?post=72"}],"version-history":[{"count":4,"href":"https:\/\/work.sunshore.ph\/tl\/wp-json\/wp\/v2\/pages\/72\/revisions"}],"predecessor-version":[{"id":109,"href":"https:\/\/work.sunshore.ph\/tl\/wp-json\/wp\/v2\/pages\/72\/revisions\/109"}],"wp:attachment":[{"href":"https:\/\/work.sunshore.ph\/tl\/wp-json\/wp\/v2\/media?parent=72"}],"curies":[{"name":"wp","href":"https:\/\/api.w.org\/{rel}","templated":true}]}}